{"id":9139,"date":"2022-01-22T14:41:00","date_gmt":"2022-01-22T14:41:00","guid":{"rendered":"https:\/\/www.mixikirjastus.ee\/?post_type=product&#038;p=9139"},"modified":"2022-01-22T14:41:00","modified_gmt":"2022-01-22T14:41:00","slug":"onnelind-tapi","status":"publish","type":"product","link":"https:\/\/www.mixikirjastus.ee\/index.php\/toode\/onnelind-tapi\/","title":{"rendered":"\u00d5nnelind T\u00e4pi"},"content":{"rendered":"","protected":false},"excerpt":{"rendered":"<p><span style=\"font-family: 'times new roman', times, serif; font-size: 120%;\"><em>Sirje Noorsalu<br \/>\n<\/em><\/span><br \/>\n<span style=\"font-family: 'times new roman', times, serif; font-size: 120%;\">118-lehek\u00fcljeline tavaformaadis ja k\u00f5vas k\u00f6ites raamat<\/span><\/p>\n<p><span style=\"font-family: 'times new roman', times, serif; font-size: 120%;\">Keegi ei tea, miks valis m\u00f6\u00f6da Eestit lendama p\u00e4\u00e4senud papagoi enda kaaslasteks just Siimu ja Kaspari pere. Pisikesest linnukesest saab pereliige ja k\u00f5igi lemmik, t\u00f5eline \u00f5nnelind, kes m\u00f5jutab inimeste igap\u00e4evaseid m\u00f5tteid ja tegemisi. Kui kirjuks muutub elu aga siis, kui j\u00f5utakse arusaamisele, et T\u00e4pile inimestest ei piisa ja ta vajab enda k\u00f5rvale ka teist lindu?<\/span><\/p>\n<p>&nbsp;<\/p>\n","protected":false},"featured_media":9140,"comment_status":"closed","ping_status":"closed","template":"","meta":{"iawp_total_views":3},"product_brand":[],"product_cat":[23],"product_tag":[],"class_list":{"0":"post-9139","1":"product","2":"type-product","3":"status-publish","4":"has-post-thumbnail","6":"product_cat-raamatud","8":"first","9":"instock","10":"taxable","11":"shipping-taxable","12":"product-type-simple"},"_links":{"self":[{"href":"https:\/\/www.mixikirjastus.ee\/index.php\/wp-json\/wp\/v2\/product\/9139","targetHints":{"allow":["GET"]}}],"collection":[{"href":"https:\/\/www.mixikirjastus.ee\/index.php\/wp-json\/wp\/v2\/product"}],"about":[{"href":"https:\/\/www.mixikirjastus.ee\/index.php\/wp-json\/wp\/v2\/types\/product"}],"replies":[{"embeddable":true,"href":"https:\/\/www.mixikirjastus.ee\/index.php\/wp-json\/wp\/v2\/comments?post=9139"}],"wp:featuredmedia":[{"embeddable":true,"href":"https:\/\/www.mixikirjastus.ee\/index.php\/wp-json\/wp\/v2\/media\/9140"}],"wp:attachment":[{"href":"https:\/\/www.mixikirjastus.ee\/index.php\/wp-json\/wp\/v2\/media?parent=9139"}],"wp:term":[{"taxonomy":"product_brand","embeddable":true,"href":"https:\/\/www.mixikirjastus.ee\/index.php\/wp-json\/wp\/v2\/product_brand?post=9139"},{"taxonomy":"product_cat","embeddable":true,"href":"https:\/\/www.mixikirjastus.ee\/index.php\/wp-json\/wp\/v2\/product_cat?post=9139"},{"taxonomy":"product_tag","embeddable":true,"href":"https:\/\/www.mixikirjastus.ee\/index.php\/wp-json\/wp\/v2\/product_tag?post=9139"}],"curies":[{"name":"wp","href":"https:\/\/api.w.org\/{rel}","templated":true}]}}