{"id":9141,"date":"2022-01-22T14:47:07","date_gmt":"2022-01-22T14:47:07","guid":{"rendered":"https:\/\/www.mixikirjastus.ee\/?post_type=product&#038;p=9141"},"modified":"2022-01-22T14:47:07","modified_gmt":"2022-01-22T14:47:07","slug":"imperaator-peeter-suure-merekindlus","status":"publish","type":"product","link":"https:\/\/www.mixikirjastus.ee\/index.php\/toode\/imperaator-peeter-suure-merekindlus\/","title":{"rendered":"Imperaator Peeter Suure merekindlus"},"content":{"rendered":"","protected":false},"excerpt":{"rendered":"<p><span style=\"font-family: 'times new roman', times, serif; font-size: 120%;\">64-lehek\u00fcljeline tavaformaadis ja pehmes k\u00f6ites raamat ( keeles)<\/span><\/p>\n<p><span style=\"font-family: 'times new roman', times, serif; font-size: 120%;\">\u00dclevaate koostas Heino Gustavsoni materjalide p\u00f5hjal Peeter B\u00f6ckler. Abistasid Mark Vint ja Arno Kannike. See raamat on esimene, Naissaare objekte k\u00e4sitlev osa, tulevasest seeriast \u00abImperaator Peeter Suure merekindluse militaarturismi radadel\u00bb.<\/span><\/p>\n","protected":false},"featured_media":9142,"comment_status":"closed","ping_status":"closed","template":"","meta":{"iawp_total_views":3},"product_brand":[],"product_cat":[23],"product_tag":[],"class_list":{"0":"post-9141","1":"product","2":"type-product","3":"status-publish","4":"has-post-thumbnail","6":"product_cat-raamatud","8":"first","9":"instock","10":"taxable","11":"shipping-taxable","12":"product-type-simple"},"_links":{"self":[{"href":"https:\/\/www.mixikirjastus.ee\/index.php\/wp-json\/wp\/v2\/product\/9141","targetHints":{"allow":["GET"]}}],"collection":[{"href":"https:\/\/www.mixikirjastus.ee\/index.php\/wp-json\/wp\/v2\/product"}],"about":[{"href":"https:\/\/www.mixikirjastus.ee\/index.php\/wp-json\/wp\/v2\/types\/product"}],"replies":[{"embeddable":true,"href":"https:\/\/www.mixikirjastus.ee\/index.php\/wp-json\/wp\/v2\/comments?post=9141"}],"wp:featuredmedia":[{"embeddable":true,"href":"https:\/\/www.mixikirjastus.ee\/index.php\/wp-json\/wp\/v2\/media\/9142"}],"wp:attachment":[{"href":"https:\/\/www.mixikirjastus.ee\/index.php\/wp-json\/wp\/v2\/media?parent=9141"}],"wp:term":[{"taxonomy":"product_brand","embeddable":true,"href":"https:\/\/www.mixikirjastus.ee\/index.php\/wp-json\/wp\/v2\/product_brand?post=9141"},{"taxonomy":"product_cat","embeddable":true,"href":"https:\/\/www.mixikirjastus.ee\/index.php\/wp-json\/wp\/v2\/product_cat?post=9141"},{"taxonomy":"product_tag","embeddable":true,"href":"https:\/\/www.mixikirjastus.ee\/index.php\/wp-json\/wp\/v2\/product_tag?post=9141"}],"curies":[{"name":"wp","href":"https:\/\/api.w.org\/{rel}","templated":true}]}}