{"id":9151,"date":"2022-01-30T12:13:26","date_gmt":"2022-01-30T12:13:26","guid":{"rendered":"https:\/\/www.mixikirjastus.ee\/?post_type=product&#038;p=9151"},"modified":"2025-06-12T09:53:12","modified_gmt":"2025-06-12T09:53:12","slug":"hea-elu-otsija","status":"publish","type":"product","link":"https:\/\/www.mixikirjastus.ee\/index.php\/toode\/hea-elu-otsija\/","title":{"rendered":"Hea elu otsija"},"content":{"rendered":"","protected":false},"excerpt":{"rendered":"<p><span style=\"font-size: 120%; font-family: 'book antiqua', palatino, serif;\"><em>Karlis Skalbe<\/em><\/span><\/p>\n<p><span style=\"font-family: 'book antiqua', palatino, serif;\">&#8220;Hea elu otsija&#8221; on l\u00e4ti muinasjutt, mis r\u00e4\u00e4gib <span class=\"citation-0 citation-end-0\">talupoisist, kes l\u00e4heb laia ilma kerget elu otsima. Paraku ei oska ta seda \u00e4ra tunda ning p\u00f5lgab k\u00f5ik ette sattunud v\u00f5imalused lootuses paremat leida.<\/span><\/span><\/p>\n<p data-sourcepos=\"19:1-19:24\"><span style=\"font-family: 'book antiqua', palatino, serif;\"><strong>Kirjanduslik v\u00e4\u00e4rtus<\/strong><\/span><\/p>\n<p data-sourcepos=\"21:1-21:155\"><span style=\"font-family: 'book antiqua', palatino, serif;\">&#8220;Hea elu otsija&#8221; on lihtne, kuid \u00f5petlik muinasjutt, mis r\u00e4\u00e4gib hea elu olemusest. Muinasjutt \u00f5petab, et hea elu ei ole asjades, vaid inimestes ja suhetes.<\/span><\/p>\n<p data-sourcepos=\"23:1-23:93\"><span style=\"font-family: 'book antiqua', palatino, serif;\">Muinasjutt on h\u00e4sti kirjutatud ja kaasahaarav.<\/span><\/p>\n<p><span style=\"font-family: 'book antiqua', palatino, serif; font-size: 120%;\">TR\u00dcKIT\u00c4HTEDEGA<\/span><\/p>\n","protected":false},"featured_media":9152,"comment_status":"closed","ping_status":"closed","template":"","meta":{"iawp_total_views":26},"product_brand":[],"product_cat":[30,26,31],"product_tag":[],"class_list":{"0":"post-9151","1":"product","2":"type-product","3":"status-publish","4":"has-post-thumbnail","6":"product_cat-lastekirjandus","7":"product_cat-lastekirjandus-ja-lasteraamatud","8":"product_cat-lasteraamatud","10":"first","11":"instock","12":"taxable","13":"shipping-taxable","14":"purchasable","15":"product-type-simple"},"_links":{"self":[{"href":"https:\/\/www.mixikirjastus.ee\/index.php\/wp-json\/wp\/v2\/product\/9151","targetHints":{"allow":["GET"]}}],"collection":[{"href":"https:\/\/www.mixikirjastus.ee\/index.php\/wp-json\/wp\/v2\/product"}],"about":[{"href":"https:\/\/www.mixikirjastus.ee\/index.php\/wp-json\/wp\/v2\/types\/product"}],"replies":[{"embeddable":true,"href":"https:\/\/www.mixikirjastus.ee\/index.php\/wp-json\/wp\/v2\/comments?post=9151"}],"wp:featuredmedia":[{"embeddable":true,"href":"https:\/\/www.mixikirjastus.ee\/index.php\/wp-json\/wp\/v2\/media\/9152"}],"wp:attachment":[{"href":"https:\/\/www.mixikirjastus.ee\/index.php\/wp-json\/wp\/v2\/media?parent=9151"}],"wp:term":[{"taxonomy":"product_brand","embeddable":true,"href":"https:\/\/www.mixikirjastus.ee\/index.php\/wp-json\/wp\/v2\/product_brand?post=9151"},{"taxonomy":"product_cat","embeddable":true,"href":"https:\/\/www.mixikirjastus.ee\/index.php\/wp-json\/wp\/v2\/product_cat?post=9151"},{"taxonomy":"product_tag","embeddable":true,"href":"https:\/\/www.mixikirjastus.ee\/index.php\/wp-json\/wp\/v2\/product_tag?post=9151"}],"curies":[{"name":"wp","href":"https:\/\/api.w.org\/{rel}","templated":true}]}}