{"id":9170,"date":"2022-02-08T10:47:39","date_gmt":"2022-02-08T10:47:39","guid":{"rendered":"https:\/\/www.mixikirjastus.ee\/?post_type=product&#038;p=9170"},"modified":"2022-02-08T10:51:09","modified_gmt":"2022-02-08T10:51:09","slug":"minu-motted","status":"publish","type":"product","link":"https:\/\/www.mixikirjastus.ee\/index.php\/toode\/minu-motted\/","title":{"rendered":"Minu M\u00f5tted 2017-2021"},"content":{"rendered":"","protected":false},"excerpt":{"rendered":"<p><em>Garina Toomingas<\/em><\/p>\n<p style=\"text-align: left;\">M\u00d5TETESIDUMISEGA LOON EMOTSIOONI<br \/>\nKIRJUTAN R\u00dcTMI JA MUUDAN KA TOONI<br \/>\nL\u00c4BI OMA TUNNETUSE S\u00dcNNIBKI M\u00d5TTELEND<br \/>\nMIS LOOB TAGASISIDE, KUIDAS SINA TUNNED END?<br \/>\nM\u00d5TETESIDUJAKS MA ENNAST ISE NIMETAN<br \/>\nJA SELLEGA OMA N\u00c4RVE V\u00c4HEM KULUTAN,<br \/>\nSEST K\u00dcSIMUS PUUDUTAB JU LUULETAMIST<br \/>\nJA MINUMOODI LUULEVORMIS KIRJUTAMIST<br \/>\nAGA SELLE OTSUSE TEED SINA,<br \/>\nKAS M\u00d5TETESIDUJAKS SOBIN MINA?<br \/>\nKAS M\u00d5TE ON M\u00d5TTE JA KIRJUTATAVA VAHEL<br \/>\nV\u00d5I HOOPIS NEIL KURISTIK ON KAHE VAHEL<\/p>\n<p style=\"text-align: left;\">HEAD M\u00d5TLEMIST!<\/p>\n","protected":false},"featured_media":9171,"comment_status":"closed","ping_status":"closed","template":"","meta":{"iawp_total_views":7},"product_brand":[],"product_cat":[23],"product_tag":[],"class_list":{"0":"post-9170","1":"product","2":"type-product","3":"status-publish","4":"has-post-thumbnail","6":"product_cat-raamatud","8":"first","9":"instock","10":"taxable","11":"shipping-taxable","12":"product-type-simple"},"_links":{"self":[{"href":"https:\/\/www.mixikirjastus.ee\/index.php\/wp-json\/wp\/v2\/product\/9170","targetHints":{"allow":["GET"]}}],"collection":[{"href":"https:\/\/www.mixikirjastus.ee\/index.php\/wp-json\/wp\/v2\/product"}],"about":[{"href":"https:\/\/www.mixikirjastus.ee\/index.php\/wp-json\/wp\/v2\/types\/product"}],"replies":[{"embeddable":true,"href":"https:\/\/www.mixikirjastus.ee\/index.php\/wp-json\/wp\/v2\/comments?post=9170"}],"wp:featuredmedia":[{"embeddable":true,"href":"https:\/\/www.mixikirjastus.ee\/index.php\/wp-json\/wp\/v2\/media\/9171"}],"wp:attachment":[{"href":"https:\/\/www.mixikirjastus.ee\/index.php\/wp-json\/wp\/v2\/media?parent=9170"}],"wp:term":[{"taxonomy":"product_brand","embeddable":true,"href":"https:\/\/www.mixikirjastus.ee\/index.php\/wp-json\/wp\/v2\/product_brand?post=9170"},{"taxonomy":"product_cat","embeddable":true,"href":"https:\/\/www.mixikirjastus.ee\/index.php\/wp-json\/wp\/v2\/product_cat?post=9170"},{"taxonomy":"product_tag","embeddable":true,"href":"https:\/\/www.mixikirjastus.ee\/index.php\/wp-json\/wp\/v2\/product_tag?post=9170"}],"curies":[{"name":"wp","href":"https:\/\/api.w.org\/{rel}","templated":true}]}}