{"id":92,"date":"2016-11-21T16:41:09","date_gmt":"2016-11-21T16:41:09","guid":{"rendered":"http:\/\/mixikirjastus.ee\/?post_type=product&#038;p=92"},"modified":"2025-11-19T17:50:34","modified_gmt":"2025-11-19T17:50:34","slug":"pisuhand","status":"publish","type":"product","link":"https:\/\/www.mixikirjastus.ee\/index.php\/toode\/pisuhand\/","title":{"rendered":"Pisuh\u00e4nd"},"content":{"rendered":"","protected":false},"excerpt":{"rendered":"<p data-sourcepos=\"1:1-1:129\"><span style=\"font-family: 'book antiqua', palatino, serif; font-size: 105%;\"><strong>Pisuh\u00e4nd<\/strong> on Eduard Vilde kirjutatud satiiriline kom\u00f6\u00f6dia, mis r\u00e4\u00e4gib 20. sajandi alguse eesti t\u00f5usikkodanluse mentaliteedist.<\/span><\/p>\n<p data-sourcepos=\"3:1-3:14\"><span style=\"font-family: 'book antiqua', palatino, serif; font-size: 105%;\"><strong>S\u00fcndmustik<\/strong><\/span><\/p>\n<p data-sourcepos=\"5:1-5:267\"><span style=\"font-family: 'book antiqua', palatino, serif; font-size: 105%;\">N\u00e4idendi tegevus toimub rikka \u00e4rimehe Vestmanni perekonnas. Vestmanni vanem t\u00fctar Matilde on abielus insener Ludvig Sanderiga, kes on aga kirjanikukarj\u00e4\u00e4ri poole p\u00fcrgiv. Matilde on oma mehe loomingust aga pettunud ja n\u00f5uab, et Sander osaleks \u00fchel kirjandusv\u00f5istlusel. <\/span><span style=\"font-family: 'book antiqua', palatino, serif; font-size: 105%;\">Sander on kirjutamisest aga kaugel ning palub abi oma koolivennalt Tiit Piibelehelt. Piibelepp on t\u00f5eline kirjanik, kuid on n\u00f5us Sanderit aitama, kuna on tema peale vihane, et Sander on teda kunagi maha teinud. <\/span><span style=\"font-family: 'book antiqua', palatino, serif; font-size: 105%;\">Sander ostab Piibelehelt tema viimase romaani k\u00e4sikirja ja esitab selle omaenda nime all v\u00f5istlusele. Romaan v\u00f5idab v\u00f5istluse ja Sanderist saab koheselt kuulus kirjanik.<\/span><\/p>\n<p data-sourcepos=\"11:1-11:10\"><span style=\"font-family: 'book antiqua', palatino, serif; font-size: 105%;\"><strong>Teemad<\/strong><\/span><\/p>\n<p data-sourcepos=\"13:1-13:230\"><span style=\"font-family: 'book antiqua', palatino, serif; font-size: 105%;\">&#8220;Pisuh\u00e4nd&#8221; on satiiriline kom\u00f6\u00f6dia, mis naeruv\u00e4\u00e4ristab eesti t\u00f5usikkodanluse materialismi, karjerismi ja kultuuritust. Teos n\u00e4itab, kuidas inimesed on valmis oma ambitsioonide nimel ohverdada k\u00f5ik, sealhulgas oma s\u00fcdametunnistuse.<br \/>\n<\/span><span style=\"font-family: 'book antiqua', palatino, serif; font-size: 105%;\">&#8220;Pisuh\u00e4nd&#8221; on \u00fcks Eesti kirjanduse populaarsemaid teoseid. Seda on korduvalt lavastatud ja ekraniseeritud.&#8221;<\/span><\/p>\n<p data-sourcepos=\"22:1-22:106\"><span style=\"font-family: 'book antiqua', palatino, serif; font-size: 105%;\"><em>K\u00f5vad kaaned<\/em><\/span><\/p>\n","protected":false},"featured_media":93,"comment_status":"closed","ping_status":"closed","template":"","meta":{"iawp_total_views":237},"product_brand":[],"product_cat":[23],"product_tag":[],"class_list":{"0":"post-92","1":"product","2":"type-product","3":"status-publish","4":"has-post-thumbnail","6":"product_cat-raamatud","8":"first","9":"instock","10":"taxable","11":"shipping-taxable","12":"purchasable","13":"product-type-simple"},"_links":{"self":[{"href":"https:\/\/www.mixikirjastus.ee\/index.php\/wp-json\/wp\/v2\/product\/92","targetHints":{"allow":["GET"]}}],"collection":[{"href":"https:\/\/www.mixikirjastus.ee\/index.php\/wp-json\/wp\/v2\/product"}],"about":[{"href":"https:\/\/www.mixikirjastus.ee\/index.php\/wp-json\/wp\/v2\/types\/product"}],"replies":[{"embeddable":true,"href":"https:\/\/www.mixikirjastus.ee\/index.php\/wp-json\/wp\/v2\/comments?post=92"}],"wp:featuredmedia":[{"embeddable":true,"href":"https:\/\/www.mixikirjastus.ee\/index.php\/wp-json\/wp\/v2\/media\/93"}],"wp:attachment":[{"href":"https:\/\/www.mixikirjastus.ee\/index.php\/wp-json\/wp\/v2\/media?parent=92"}],"wp:term":[{"taxonomy":"product_brand","embeddable":true,"href":"https:\/\/www.mixikirjastus.ee\/index.php\/wp-json\/wp\/v2\/product_brand?post=92"},{"taxonomy":"product_cat","embeddable":true,"href":"https:\/\/www.mixikirjastus.ee\/index.php\/wp-json\/wp\/v2\/product_cat?post=92"},{"taxonomy":"product_tag","embeddable":true,"href":"https:\/\/www.mixikirjastus.ee\/index.php\/wp-json\/wp\/v2\/product_tag?post=92"}],"curies":[{"name":"wp","href":"https:\/\/api.w.org\/{rel}","templated":true}]}}