{"id":96,"date":"2016-11-21T16:44:15","date_gmt":"2016-11-21T16:44:15","guid":{"rendered":"http:\/\/mixikirjastus.ee\/?post_type=product&#038;p=96"},"modified":"2017-09-14T16:44:58","modified_gmt":"2017-09-14T16:44:58","slug":"saabastega-kass","status":"publish","type":"product","link":"https:\/\/www.mixikirjastus.ee\/index.php\/toode\/saabastega-kass\/","title":{"rendered":"Saabastega kass"},"content":{"rendered":"","protected":false},"excerpt":{"rendered":"<p><em>Ch. Perrault<\/em><\/p>\n<p>Kui enam kuidagi ei saa, siis kuidagi ikka saab ehk muinasjutt sellest, kuidas vaene nooruk kassi abiga kuningalossi p\u00e4\u00e4ses. Ja kui ta veel surnud pole, elab ta seal siiani. Tema kaunis kuninganna hoolitseb ta eest ja kindlasti \u00fcmbritseb teda palju printsesse ja printse ja tema \u00f5ukonnas valitseb \u00f5nn ning r\u00f5\u00f5m.<\/p>\n","protected":false},"featured_media":97,"comment_status":"closed","ping_status":"closed","template":"","meta":{"iawp_total_views":24},"product_brand":[],"product_cat":[23],"product_tag":[],"class_list":{"0":"post-96","1":"product","2":"type-product","3":"status-publish","4":"has-post-thumbnail","6":"product_cat-raamatud","8":"first","9":"instock","10":"taxable","11":"shipping-taxable","12":"product-type-simple"},"_links":{"self":[{"href":"https:\/\/www.mixikirjastus.ee\/index.php\/wp-json\/wp\/v2\/product\/96","targetHints":{"allow":["GET"]}}],"collection":[{"href":"https:\/\/www.mixikirjastus.ee\/index.php\/wp-json\/wp\/v2\/product"}],"about":[{"href":"https:\/\/www.mixikirjastus.ee\/index.php\/wp-json\/wp\/v2\/types\/product"}],"replies":[{"embeddable":true,"href":"https:\/\/www.mixikirjastus.ee\/index.php\/wp-json\/wp\/v2\/comments?post=96"}],"wp:featuredmedia":[{"embeddable":true,"href":"https:\/\/www.mixikirjastus.ee\/index.php\/wp-json\/wp\/v2\/media\/97"}],"wp:attachment":[{"href":"https:\/\/www.mixikirjastus.ee\/index.php\/wp-json\/wp\/v2\/media?parent=96"}],"wp:term":[{"taxonomy":"product_brand","embeddable":true,"href":"https:\/\/www.mixikirjastus.ee\/index.php\/wp-json\/wp\/v2\/product_brand?post=96"},{"taxonomy":"product_cat","embeddable":true,"href":"https:\/\/www.mixikirjastus.ee\/index.php\/wp-json\/wp\/v2\/product_cat?post=96"},{"taxonomy":"product_tag","embeddable":true,"href":"https:\/\/www.mixikirjastus.ee\/index.php\/wp-json\/wp\/v2\/product_tag?post=96"}],"curies":[{"name":"wp","href":"https:\/\/api.w.org\/{rel}","templated":true}]}}