{"id":9787,"date":"2024-10-02T19:12:58","date_gmt":"2024-10-02T19:12:58","guid":{"rendered":"https:\/\/www.mixikirjastus.ee\/?post_type=product&#038;p=9787"},"modified":"2024-10-03T11:50:01","modified_gmt":"2024-10-03T11:50:01","slug":"ruttu-ruttu-joulud-kohe-kaes","status":"publish","type":"product","link":"https:\/\/www.mixikirjastus.ee\/index.php\/toode\/ruttu-ruttu-joulud-kohe-kaes\/","title":{"rendered":"RUTTU, RUTTU \u2013 J\u00d5ULUD KOHE K\u00c4ES!"},"content":{"rendered":"","protected":false},"excerpt":{"rendered":"<p><span style=\"color: #282828; font-family: georgia, palatino, serif; font-size: 110%;\">K\u00e4esolev raamat on sobilik heade ideede laegas neile, kes tegelevad lastega \u2013 lavastavad lastega ja lastele. Liia Kotkase j\u00f5ulun\u00e4idendid toovad lavale s\u00fcdamlikud ja meeldej\u00e4\u00e4vad lood, mis loovad t\u00f5elise j\u00f5ulumeeleolu. Need lood on t\u00e4is soojust, huumorit ja hoolivust, pakkudes igale osalejale ja vaatajale elamust, mis toob j\u00f5ulutunde l\u00e4hemale. Sobivad esitamiseks koolides, lasteaedades ja kogukonna \u00fcritustel, tuues r\u00f5\u00f5mu igale vanusele! Siit saab ideid kasv\u00f5i nukuteatri, lauateatri ja varjuteatri jaoks v\u00f5i miks ka mitte unejuttude jutustamiseks.<br \/>\nKokku <strong>20<\/strong> n\u00e4idendit<\/span><\/p>\n<p><span style=\"color: #282828; font-family: georgia, palatino, serif; font-size: 110%;\">Raamatuga kaasneb spetsiaalne veebileht: <a href=\"http:\/\/www.mixikirjastus.ee\/laulud\">www.mixikirjastus.ee\/laulud<\/a>, kus on v\u00f5imalik kuulata ja kaasa laulda muusikalugusid, pakkudes veelgi kaasahaaravamat ja meeldej\u00e4\u00e4vamat elamust<\/span><\/p>\n<p><span style=\"color: #282828; font-family: georgia, palatino, serif; font-size: 110%;\">M\u00f5\u00f5dud: <strong>155 x 235 mm<\/strong><\/span><\/p>\n<p><span style=\"color: #282828; font-family: georgia, palatino, serif; font-size: 110%;\">Ostes 1tk. hind <strong>9\u20ac<\/strong>, 2tk. eksemplari hind <strong>8\u20ac<\/strong> ja alatest 3+.tk on eksemplari hind <strong>7\u20ac<br \/>\n<\/strong><em>Hinnale lisandub k\u00e4ibemaks 9%<\/em><\/span><\/p>\n","protected":false},"featured_media":9788,"comment_status":"closed","ping_status":"closed","template":"","meta":{"iawp_total_views":347},"product_brand":[],"product_cat":[26,18],"product_tag":[],"class_list":{"0":"post-9787","1":"product","2":"type-product","3":"status-publish","4":"has-post-thumbnail","6":"product_cat-lastekirjandus-ja-lasteraamatud","7":"product_cat-mangud-ja-oppematerjalid","9":"first","10":"instock","11":"taxable","12":"shipping-taxable","13":"purchasable","14":"product-type-simple"},"_links":{"self":[{"href":"https:\/\/www.mixikirjastus.ee\/index.php\/wp-json\/wp\/v2\/product\/9787","targetHints":{"allow":["GET"]}}],"collection":[{"href":"https:\/\/www.mixikirjastus.ee\/index.php\/wp-json\/wp\/v2\/product"}],"about":[{"href":"https:\/\/www.mixikirjastus.ee\/index.php\/wp-json\/wp\/v2\/types\/product"}],"replies":[{"embeddable":true,"href":"https:\/\/www.mixikirjastus.ee\/index.php\/wp-json\/wp\/v2\/comments?post=9787"}],"wp:featuredmedia":[{"embeddable":true,"href":"https:\/\/www.mixikirjastus.ee\/index.php\/wp-json\/wp\/v2\/media\/9788"}],"wp:attachment":[{"href":"https:\/\/www.mixikirjastus.ee\/index.php\/wp-json\/wp\/v2\/media?parent=9787"}],"wp:term":[{"taxonomy":"product_brand","embeddable":true,"href":"https:\/\/www.mixikirjastus.ee\/index.php\/wp-json\/wp\/v2\/product_brand?post=9787"},{"taxonomy":"product_cat","embeddable":true,"href":"https:\/\/www.mixikirjastus.ee\/index.php\/wp-json\/wp\/v2\/product_cat?post=9787"},{"taxonomy":"product_tag","embeddable":true,"href":"https:\/\/www.mixikirjastus.ee\/index.php\/wp-json\/wp\/v2\/product_tag?post=9787"}],"curies":[{"name":"wp","href":"https:\/\/api.w.org\/{rel}","templated":true}]}}