{"id":98,"date":"2016-11-21T16:45:46","date_gmt":"2016-11-21T16:45:46","guid":{"rendered":"http:\/\/mixikirjastus.ee\/?post_type=product&#038;p=98"},"modified":"2025-06-12T09:45:32","modified_gmt":"2025-06-12T09:45:32","slug":"siil","status":"publish","type":"product","link":"https:\/\/www.mixikirjastus.ee\/index.php\/toode\/siil\/","title":{"rendered":"Siil"},"content":{"rendered":"","protected":false},"excerpt":{"rendered":"<p data-sourcepos=\"1:1-1:111\"><span style=\"font-family: 'book antiqua', palatino, serif; font-size: 105%;\">Friedebert Tuglase jutustus &#8220;Siil&#8221; on liigutav lugu kahe v\u00e4ikese talulapse, Mardi ja Mareti, s\u00f5prusest siiliga.<\/span><\/p>\n<p data-sourcepos=\"3:1-3:191\"><span style=\"font-family: 'book antiqua', palatino, serif; font-size: 105%;\">Mardi ja Maret elavad koos oma emaga v\u00e4ikeses talus. \u00dchel p\u00e4eval leiavad nad metsast siili, kes on vigastatud. Lapsed v\u00f5tavad siili koju ja hoolitsevad tema eest.\u00a0<\/span><span style=\"font-family: 'book antiqua', palatino, serif; font-size: 105%;\">Siilil ja lastel tekib kiiresti s\u00f5prus. Siil on tark ja lahke ning ta aitab lapsi mitmest suurest \u00f5nnetusest.\u00a0<\/span><\/p>\n<p data-sourcepos=\"7:1-7:122\"><span style=\"font-family: 'book antiqua', palatino, serif; font-size: 105%;\">&#8220;Siil&#8221; on s\u00fcdamlik ja \u00f5petlik lugu s\u00f5prusest, armastusest ja hoolivusest. See on raamat, mis j\u00e4\u00e4b lugeja s\u00fcdamesse kauaks.<\/span><\/p>\n<p data-sourcepos=\"9:1-9:56\"><span style=\"font-family: 'book antiqua', palatino, serif; font-size: 105%;\">Olulisemad teemad:<\/span><\/p>\n<ul data-sourcepos=\"11:1-14:0\">\n<li data-sourcepos=\"11:1-11:139\"><span style=\"font-family: 'book antiqua', palatino, serif; font-size: 105%;\"><strong>S\u00f5prus<\/strong>: Mardi ja Mareti s\u00f5prus siili Siiliga on t\u00f5eline ja tingimusteta. Nad hoolivad \u00fcksteisest v\u00e4ga ja on alati valmis \u00fcksteist aitama.<\/span><\/li>\n<li data-sourcepos=\"12:1-12:139\"><span style=\"font-family: 'book antiqua', palatino, serif; font-size: 105%;\"><strong>Armastus<\/strong>: Mardi ja Mareti armastus loomade vastu on liigutav. Nad n\u00e4itavad, et ka v\u00e4iksed ja imelikud loomad v\u00f5ivad olla armastusv\u00e4\u00e4rsed.<\/span><\/li>\n<li data-sourcepos=\"13:1-14:0\"><span style=\"font-family: 'book antiqua', palatino, serif; font-size: 105%;\"><strong>Hoolivus<\/strong>: Mardi ja Mareti hoolivus siili Siiliga on eeskujuks k\u00f5igile. Nad n\u00e4itavad, et iga elu on oluline ja v\u00e4\u00e4rib kaitset.<\/span><\/li>\n<\/ul>\n<p data-sourcepos=\"15:1-15:128\"><span style=\"font-family: 'book antiqua', palatino, serif; font-size: 105%;\">&#8220;Siil&#8221; on sobiv raamat lastele alates 6. eluaastast. See on raamat, mida lugeda koos lapsega, et arutada koos t\u00e4htsaid teemasid.<\/span><\/p>\n<p data-sourcepos=\"15:1-15:128\"><em>K\u00f5vad kaaned<\/em><\/p>\n","protected":false},"featured_media":479,"comment_status":"closed","ping_status":"closed","template":"","meta":{"iawp_total_views":153},"product_brand":[],"product_cat":[23],"product_tag":[],"class_list":{"0":"post-98","1":"product","2":"type-product","3":"status-publish","4":"has-post-thumbnail","6":"product_cat-raamatud","8":"first","9":"instock","10":"taxable","11":"shipping-taxable","12":"purchasable","13":"product-type-simple"},"_links":{"self":[{"href":"https:\/\/www.mixikirjastus.ee\/index.php\/wp-json\/wp\/v2\/product\/98","targetHints":{"allow":["GET"]}}],"collection":[{"href":"https:\/\/www.mixikirjastus.ee\/index.php\/wp-json\/wp\/v2\/product"}],"about":[{"href":"https:\/\/www.mixikirjastus.ee\/index.php\/wp-json\/wp\/v2\/types\/product"}],"replies":[{"embeddable":true,"href":"https:\/\/www.mixikirjastus.ee\/index.php\/wp-json\/wp\/v2\/comments?post=98"}],"wp:featuredmedia":[{"embeddable":true,"href":"https:\/\/www.mixikirjastus.ee\/index.php\/wp-json\/wp\/v2\/media\/479"}],"wp:attachment":[{"href":"https:\/\/www.mixikirjastus.ee\/index.php\/wp-json\/wp\/v2\/media?parent=98"}],"wp:term":[{"taxonomy":"product_brand","embeddable":true,"href":"https:\/\/www.mixikirjastus.ee\/index.php\/wp-json\/wp\/v2\/product_brand?post=98"},{"taxonomy":"product_cat","embeddable":true,"href":"https:\/\/www.mixikirjastus.ee\/index.php\/wp-json\/wp\/v2\/product_cat?post=98"},{"taxonomy":"product_tag","embeddable":true,"href":"https:\/\/www.mixikirjastus.ee\/index.php\/wp-json\/wp\/v2\/product_tag?post=98"}],"curies":[{"name":"wp","href":"https:\/\/api.w.org\/{rel}","templated":true}]}}