{"id":9922,"date":"2025-01-15T13:05:26","date_gmt":"2025-01-15T13:05:26","guid":{"rendered":"https:\/\/www.mixikirjastus.ee\/?post_type=product&#038;p=9922"},"modified":"2025-01-27T09:43:01","modified_gmt":"2025-01-27T09:43:01","slug":"9922","status":"publish","type":"product","link":"https:\/\/www.mixikirjastus.ee\/index.php\/toode\/9922\/","title":{"rendered":"\u201cK\u00fcsimused ja vastused\u201d 4. klass"},"content":{"rendered":"","protected":false},"excerpt":{"rendered":"<p><span style=\"font-family: 'times new roman', times, serif; font-size: 120%;\">Lehek\u00fclgi : 24<\/span><br \/>\n<span style=\"font-family: 'times new roman', times, serif; font-size: 120%;\">Formaat: 130 x 195<\/span><br \/>\n<span style=\"font-family: 'times new roman', times, serif; font-size: 120%;\">K\u00f6ide: Klamberk\u00f6ide<\/span><\/p>\n<p>\u201cK\u00fcsimused ja vastused\u201d on koostatud 4 klassi loodus\u00f5petuse ainekavade teemade p\u00f5hjal. 100 loodus\u00f5petuse k\u00fcsimust: P\u00e4ikeses\u00fcsteem, Maa v\u00e4lis- ja siseehitus, geograafilised kaardid, elu mitmekesisus Maal, inimese organism ja inimene looduse \u00fclds\u00fcsteemis.<\/p>\n<p><span style=\"font-family: 'times new roman', times, serif; font-size: 110%;\"><em><span style=\"color: #282828;\">Hinnale lisandub k\u00e4ibemaks 9%<\/span>.<\/em><\/span><\/p>\n","protected":false},"featured_media":9923,"comment_status":"closed","ping_status":"closed","template":"","meta":{"iawp_total_views":104},"product_brand":[],"product_cat":[33],"product_tag":[],"class_list":{"0":"post-9922","1":"product","2":"type-product","3":"status-publish","4":"has-post-thumbnail","6":"product_cat-oppematerjalid","8":"first","9":"instock","10":"taxable","11":"shipping-taxable","12":"purchasable","13":"product-type-simple"},"_links":{"self":[{"href":"https:\/\/www.mixikirjastus.ee\/index.php\/wp-json\/wp\/v2\/product\/9922","targetHints":{"allow":["GET"]}}],"collection":[{"href":"https:\/\/www.mixikirjastus.ee\/index.php\/wp-json\/wp\/v2\/product"}],"about":[{"href":"https:\/\/www.mixikirjastus.ee\/index.php\/wp-json\/wp\/v2\/types\/product"}],"replies":[{"embeddable":true,"href":"https:\/\/www.mixikirjastus.ee\/index.php\/wp-json\/wp\/v2\/comments?post=9922"}],"wp:featuredmedia":[{"embeddable":true,"href":"https:\/\/www.mixikirjastus.ee\/index.php\/wp-json\/wp\/v2\/media\/9923"}],"wp:attachment":[{"href":"https:\/\/www.mixikirjastus.ee\/index.php\/wp-json\/wp\/v2\/media?parent=9922"}],"wp:term":[{"taxonomy":"product_brand","embeddable":true,"href":"https:\/\/www.mixikirjastus.ee\/index.php\/wp-json\/wp\/v2\/product_brand?post=9922"},{"taxonomy":"product_cat","embeddable":true,"href":"https:\/\/www.mixikirjastus.ee\/index.php\/wp-json\/wp\/v2\/product_cat?post=9922"},{"taxonomy":"product_tag","embeddable":true,"href":"https:\/\/www.mixikirjastus.ee\/index.php\/wp-json\/wp\/v2\/product_tag?post=9922"}],"curies":[{"name":"wp","href":"https:\/\/api.w.org\/{rel}","templated":true}]}}