{"id":9926,"date":"2025-01-15T13:14:27","date_gmt":"2025-01-15T13:14:27","guid":{"rendered":"https:\/\/www.mixikirjastus.ee\/?post_type=product&#038;p=9926"},"modified":"2025-01-27T09:42:48","modified_gmt":"2025-01-27T09:42:48","slug":"kusimused-ja-vastused-2","status":"publish","type":"product","link":"https:\/\/www.mixikirjastus.ee\/index.php\/toode\/kusimused-ja-vastused-2\/","title":{"rendered":"\u201cK\u00fcsimused ja vastused\u201d 6. klass"},"content":{"rendered":"","protected":false},"excerpt":{"rendered":"<p><span style=\"font-family: 'times new roman', times, serif; font-size: 120%;\">Lehek\u00fclgi : 24 lk<br \/>\nFormaat: 130 x 195 mm<br \/>\nK\u00f6ide: Klamberk\u00f6ide<\/span><\/p>\n<p>\u201cK\u00fcsimused ja vastused\u201d on koostatud 6 klassi loodus\u00f5petuse ainekavade teemade p\u00f5hjal. 100 loodus\u00f5petuse k\u00fcsimust: muld, kui v\u00e4ga oluline ainekiht, aed, metsat\u00fc\u00fcbid, metsade kasutamine ja kaitse, \u00f5hu omadused ja t\u00e4htsus Maa elustikus, L\u00e4\u00e4nemeri, elukeskkond, loodus- ja keskkonnakaitse Eestis.<\/p>\n<p><span style=\"font-family: 'times new roman', times, serif; font-size: 110%;\"><em><span style=\"color: #282828;\">Hinnale lisandub k\u00e4ibemaks 9%<\/span>.<\/em><\/span><\/p>\n","protected":false},"featured_media":9927,"comment_status":"closed","ping_status":"closed","template":"","meta":{"iawp_total_views":104},"product_brand":[],"product_cat":[33],"product_tag":[],"class_list":{"0":"post-9926","1":"product","2":"type-product","3":"status-publish","4":"has-post-thumbnail","6":"product_cat-oppematerjalid","8":"first","9":"instock","10":"taxable","11":"shipping-taxable","12":"purchasable","13":"product-type-simple"},"_links":{"self":[{"href":"https:\/\/www.mixikirjastus.ee\/index.php\/wp-json\/wp\/v2\/product\/9926","targetHints":{"allow":["GET"]}}],"collection":[{"href":"https:\/\/www.mixikirjastus.ee\/index.php\/wp-json\/wp\/v2\/product"}],"about":[{"href":"https:\/\/www.mixikirjastus.ee\/index.php\/wp-json\/wp\/v2\/types\/product"}],"replies":[{"embeddable":true,"href":"https:\/\/www.mixikirjastus.ee\/index.php\/wp-json\/wp\/v2\/comments?post=9926"}],"wp:featuredmedia":[{"embeddable":true,"href":"https:\/\/www.mixikirjastus.ee\/index.php\/wp-json\/wp\/v2\/media\/9927"}],"wp:attachment":[{"href":"https:\/\/www.mixikirjastus.ee\/index.php\/wp-json\/wp\/v2\/media?parent=9926"}],"wp:term":[{"taxonomy":"product_brand","embeddable":true,"href":"https:\/\/www.mixikirjastus.ee\/index.php\/wp-json\/wp\/v2\/product_brand?post=9926"},{"taxonomy":"product_cat","embeddable":true,"href":"https:\/\/www.mixikirjastus.ee\/index.php\/wp-json\/wp\/v2\/product_cat?post=9926"},{"taxonomy":"product_tag","embeddable":true,"href":"https:\/\/www.mixikirjastus.ee\/index.php\/wp-json\/wp\/v2\/product_tag?post=9926"}],"curies":[{"name":"wp","href":"https:\/\/api.w.org\/{rel}","templated":true}]}}